{"id":73,"date":"2016-06-14T06:15:58","date_gmt":"2016-06-14T06:15:58","guid":{"rendered":"http:\/\/sw-themes.com\/porto_dummy\/?page_id=73"},"modified":"2025-03-19T15:46:14","modified_gmt":"2025-03-19T14:46:14","slug":"contact-us","status":"publish","type":"page","link":"https:\/\/dtfparadies.de\/index.php\/contact-us\/","title":{"rendered":"Contact Us"},"content":{"rendered":"<div class=\"wpb-content-wrapper\"><p>[vc_row full_width=&#8220;stretch_row_content_no_spaces&#8220;][vc_column]<div id='wrap_map_69d9f13b536ff' class='porto-map-wrapper porto-adjust-bottom-margin ' style='height:500px;'><div id='map_69d9f13b536ff' data-map_override='0' class='porto_google_map' style='width:100%;height:500px;'><\/div><\/div><script>\r\n( function() {\r\n\tvar porto_init_map = function() {\r\n\t\t( function( $ ) {\r\n\t\t\t'use strict';\r\n\t\t\tif (typeof google == 'undefined') {\r\n\t\t\t\treturn;\r\n\t\t\t}\r\n\t\t\tvar map_map_69d9f13b536ff = null;\r\n\t\t\tvar coordinate_map_69d9f13b536ff;\r\n\t\t\ttry {\r\n\t\t\t\tcoordinate_map_69d9f13b536ff=new google.maps.LatLng(49.68296432495117, 6.553812026977539);\r\n\t\t\t\tvar isDraggable = $(document).width() > 640 ? true : true;\r\n\t\t\t\tvar mapOptions = {\r\n\t\t\t\t\tzoom: 16,\r\n\t\t\t\t\tcenter: coordinate_map_69d9f13b536ff,\r\n\t\t\t\t\tscaleControl: true,\r\n\t\t\t\t\tstreetViewControl: true,\r\n\t\t\t\t\tmapTypeControl: true,\r\n\t\t\t\t\tpanControl: true,\r\n\t\t\t\t\tzoomControl: true,\r\n\t\t\t\t\tscrollwheel: false,\r\n\t\t\t\t\tdraggable: isDraggable,\r\n\t\t\t\t\tzoomControlOptions: {\r\n\t\t\t\t\t\tposition: google.maps.ControlPosition.RIGHT_BOTTOM\r\n\t\t\t\t\t},mapTypeId: google.maps.MapTypeId.ROADMAP,};var map_map_69d9f13b536ff = new google.maps.Map(document.getElementById('map_69d9f13b536ff'),mapOptions);\r\n\t\t\t\t\t\tvar x = 'off';\r\n\t\t\t\t\t\tvar marker_map_69d9f13b536ff = new google.maps.Marker({\r\n\t\t\t\t\t\tposition: new google.maps.LatLng(49.68296432495117, 6.553812026977539),\r\n\t\t\t\t\t\tanimation:  google.maps.Animation.DROP,\r\n\t\t\t\t\t\tmap: map_map_69d9f13b536ff,\r\n\t\t\t\t\t\ticon: 'https:\/\/dtfparadies.de\/wp-content\/uploads\/2016\/06\/pin.png'\r\n\t\t\t\t\t});\r\n\t\t\t\t\tgoogle.maps.event.addListener(marker_map_69d9f13b536ff, 'click', toggleBounce);var infowindow = new google.maps.InfoWindow();\r\n\t\t\t\t\t\t\tinfowindow.setContent('<div class=\"map_info_text\" style=\\'color:#000;\\'><b>DTFPARADIES.DE<br \/> VIRTUMA UG<\/b><\/div>');infowindow.open(map_map_69d9f13b536ff,marker_map_69d9f13b536ff);google.maps.event.addListener(marker_map_69d9f13b536ff, 'click', function() {\r\n\t\t\t\t\t\t\t\tinfowindow.open(map_map_69d9f13b536ff,marker_map_69d9f13b536ff);\r\n\t\t\t\t\t\t\t});}\r\n\t\t\tcatch(e){};\r\n\t\t\tgoogle.maps.event.trigger(map_map_69d9f13b536ff, 'resize');\r\n\t\t\t$(window).on('resize', function(){\r\n\t\t\t\tgoogle.maps.event.trigger(map_map_69d9f13b536ff, 'resize');\r\n\t\t\t\tif(map_map_69d9f13b536ff!=null) {\r\n\t\t\t\t\tmap_map_69d9f13b536ff.setCenter(coordinate_map_69d9f13b536ff);\r\n\t\t\t\t}\r\n\t\t\t});\r\n\t\t\t$('.ui-tabs').on('tabsactivate', function(event, ui) {\r\n\t\t\t   if($(this).find('.porto-map-wrapper').length > 0)\r\n\t\t\t\t{\r\n\t\t\t\t\tsetTimeout(function(){\r\n\t\t\t\t\t\t$(window).trigger('resize');\r\n\t\t\t\t\t},200);\r\n\t\t\t\t}\r\n\t\t\t});\r\n\t\t\t$('.ui-accordion').on('accordionactivate', function(event, ui) {\r\n\t\t\t\tif($(this).find('.porto-map-wrapper').length > 0) {\r\n\t\t\t\t\tsetTimeout(function(){\r\n\t\t\t\t\t\t$(window).trigger('resize');\r\n\t\t\t\t\t},200);\r\n\t\t\t\t}\r\n\t\t\t});\r\n\t\t\t$(document).on('onPortoModalPopupOpen', function(){\r\n\t\t\t\tif($(map_map_69d9f13b536ff).parents('.porto_modal-content')) {\r\n\t\t\t\t\tsetTimeout(function(){\r\n\t\t\t\t\t\t$(window).trigger('resize');\r\n\t\t\t\t\t},200);\r\n\t\t\t\t}\r\n\t\t\t});\r\n\t\t\tfunction toggleBounce() {\r\n\t\t\t\tif (marker_map_69d9f13b536ff.getAnimation() != null) {\r\n\t\t\t\t\tmarker_map_69d9f13b536ff.setAnimation(null);\r\n\t\t\t\t} else {\r\n\t\t\t\t\tmarker_map_69d9f13b536ff.setAnimation(google.maps.Animation.BOUNCE);\r\n\t\t\t\t}\r\n\t\t\t}\r\n\t\t} )( window.jQuery );\r\n\t};\r\n\r\n\tif ( window.jQuery ) {\r\n\t\tjQuery( document ).ready(function() {\r\n\t\t\tporto_init_map();\r\n\t\t} );\r\n\t} else {\r\n\t\tdocument.addEventListener( 'DOMContentLoaded', porto_init_map );\r\n\t}\r\n\r\n\twindow.addEventListener( 'load', function() {\r\n\t\tsetTimeout( function() {\r\n\t\t\tjQuery( window ).trigger( 'resize' );\r\n\t\t}, 200 );\r\n\t} );\r\n} )();\r\n<\/script>[\/vc_column][\/vc_row][vc_row wrap_container=&#8220;yes&#8220; el_class=&#8220;m-t-md&#8220;][vc_column]<div class=\"porto-u-heading m-b-xxl  wpb_custom_95aa9a11c17ad45cfabaf210d84ee7cc porto-u-6369\"><div class=\"porto-u-main-heading\"><h2   style=\"margin-bottom: 5px;font-size:24px;letter-spacing:-0.025em;\">Kontakt Information DTF Paradies<\/h2><\/div><div class=\"porto-u-sub-heading\" style=\"font-size:14px;line-height:28px;letter-spacing:-0.025em;\">Wir freuen uns \u00fcber Ihre Nachricht! Falls Sie Fragen zu unseren Produkten oder Bestellungen haben, stehen wir Ihnen gerne zur Verf\u00fcgung. Bitte beachten Sie, dass unser Standort ausschlie\u00dflich f\u00fcr die Produktion genutzt wird \u2013 ein Besuch vor Ort ist daher nicht m\u00f6glich. Schreiben Sie uns einfach eine Nachricht, und wir helfen Ihnen schnellstm\u00f6glich weiter!<\/div><style>.porto-u-6369.porto-u-heading{text-align:left}<\/style><\/div>[\/vc_column][vc_column width=&#8220;1\/2&#8243; offset=&#8220;vc_col-lg-3 vc_col-md-3 vc_col-xs-12&#8243;]<div class=\"porto-sicon-box custom-info-1  wpb_custom_6bd3ea43243bb56571d580d187f8d1d7 style_1 top-icon\"><div class=\"porto-sicon-top\"><div class=\"porto-just-icon-wrapper porto-icon none\" style=\"color:#7aa93c;font-size:45px;margin-bottom:20px;\"><i class=\"Simple-Line-Icons-pointer\"><\/i><\/div><\/div><div class=\"porto-sicon-header\"><h3 class=\"porto-sicon-title\" style=\"font-weight:700;font-size:20px;line-height:22px;letter-spacing:-0.025em;\">Adresse<\/h3><p style=\"font-size:14px;line-height:22px;letter-spacing:-0.025em;\">Reinigerstrasse 46 | 54329 Konz<\/p><\/div> <!-- header --><\/div><!-- porto-sicon-box -->[\/vc_column][vc_column width=&#8220;1\/2&#8243; offset=&#8220;vc_col-lg-3 vc_col-md-3 vc_col-xs-12&#8243;]<a class=\"porto-sicon-box-link\" href=\"tel:(800)123-4567\"><div class=\"porto-sicon-box text-color-body custom-info-1  wpb_custom_6bd3ea43243bb56571d580d187f8d1d7 style_1 top-icon\"><div class=\"porto-sicon-top\"><div class=\"porto-just-icon-wrapper porto-icon none\" style=\"color:#7aa93c;font-size:45px;margin-bottom:20px;\"><i class=\"fas fa-mobile-alt\"><\/i><\/div><\/div><div class=\"porto-sicon-header\"><h3 class=\"porto-sicon-title\" style=\"font-weight:700;font-size:20px;line-height:22px;letter-spacing:-0.025em;\">Telefon<\/h3><p style=\"font-size:14px;line-height:22px;letter-spacing:-0.025em;color:#777777;\">+49 6501 960 6930<\/p><\/div> <!-- header --><\/div><!-- porto-sicon-box --><\/a>[\/vc_column][vc_column width=&#8220;1\/2&#8243; offset=&#8220;vc_col-lg-3 vc_col-md-3 vc_col-xs-12&#8243;]<a class=\"porto-sicon-box-link\" href=\"mailto:porto@portotheme.com\"><div class=\"porto-sicon-box text-color-body custom-info-1  wpb_custom_6bd3ea43243bb56571d580d187f8d1d7 style_1 top-icon\"><div class=\"porto-sicon-top\"><div class=\"porto-just-icon-wrapper porto-icon none\" style=\"color:#7aa93c;font-size:45px;margin-bottom:20px;\"><i class=\"far fa-envelope\"><\/i><\/div><\/div><div class=\"porto-sicon-header\"><h3 class=\"porto-sicon-title\" style=\"font-weight:700;font-size:20px;line-height:22px;letter-spacing:-0.025em;\">E-mail<\/h3><p style=\"font-size:14px;line-height:22px;letter-spacing:-0.025em;color:#777777;\">info@dtfparadies.de<\/p><\/div> <!-- header --><\/div><!-- porto-sicon-box --><\/a>[\/vc_column][vc_column width=&#8220;1\/2&#8243; offset=&#8220;vc_col-lg-3 vc_col-md-3 vc_col-xs-12&#8243;]<div class=\"porto-sicon-box custom-info-1  wpb_custom_6bd3ea43243bb56571d580d187f8d1d7 style_1 top-icon\"><div class=\"porto-sicon-top\"><div class=\"porto-just-icon-wrapper porto-icon none\" style=\"color:#7aa93c;font-size:45px;margin-bottom:20px;\"><i class=\"far fa-calendar-alt\"><\/i><\/div><\/div><div class=\"porto-sicon-header\"><h3 class=\"porto-sicon-title\" style=\"font-weight:700;font-size:20px;line-height:22px;letter-spacing:-0.025em;\">Produktionszeiten<\/h3><p style=\"font-size:14px;line-height:22px;letter-spacing:-0.025em;color:#777777;\">Mon - Fr \/ 8h00 - 17h00<\/p><\/div> <!-- header --><\/div><!-- porto-sicon-box -->[\/vc_column][vc_column][vc_separator color=&#8220;custom&#8220; accent_color=&#8220;#e7e7e7&#8243; el_class=&#8220;my-5 pb-3&#8243;][\/vc_column][\/vc_row][vc_row wrap_container=&#8220;yes&#8220; el_class=&#8220;m-b-xxl p-b-sm&#8220;][vc_column offset=&#8220;vc_col-lg-6 vc_col-md-6&#8243;][vc_custom_heading text=&#8220;Schreiben Sie uns eine Nachricht&#8220; font_container=&#8220;tag:h2|font_size:24px|text_align:left&#8220; use_theme_fonts=&#8220;yes&#8220; el_class=&#8220;ls-negative-1&#8243; css=&#8220;.vc_custom_1742395254916{margin-bottom: 23px !important;}&#8220;]<div class=\"wpb_custom_9c3b335856f670235edcfcaf561ac48b\">\n<div class=\"wpcf7 no-js\" id=\"wpcf7-f74-o1\" lang=\"en-US\" dir=\"ltr\">\n<div class=\"screen-reader-response\"><p role=\"status\" aria-live=\"polite\" aria-atomic=\"true\"><\/p> <ul><\/ul><\/div>\n<form action=\"\/index.php\/wp-json\/wp\/v2\/pages\/73#wpcf7-f74-o1\" method=\"post\" class=\"wpcf7-form init\" aria-label=\"Contact form\" novalidate=\"novalidate\" data-status=\"init\">\n<div style=\"display: none;\">\n<input type=\"hidden\" name=\"_wpcf7\" value=\"74\" \/>\n<input type=\"hidden\" name=\"_wpcf7_version\" value=\"5.9.3\" \/>\n<input type=\"hidden\" name=\"_wpcf7_locale\" value=\"en_US\" \/>\n<input type=\"hidden\" name=\"_wpcf7_unit_tag\" value=\"wpcf7-f74-o1\" \/>\n<input type=\"hidden\" name=\"_wpcf7_container_post\" value=\"0\" \/>\n<input type=\"hidden\" name=\"_wpcf7_posted_data_hash\" value=\"\" \/>\n<\/div>\n<div class=\"row\">\n\t<div class=\"col-lg-12\">\n\t\t<div class=\"form-group\">\n\t\t\t<p><label for=\"contact-name\" class=\"custom-font-family font-weight-medium\">Your Name <span class=\"text-secondary\">*<\/span><\/label><br \/>\n<span class=\"wpcf7-form-control-wrap\" data-name=\"your-name\"><input size=\"40\" class=\"wpcf7-form-control wpcf7-text wpcf7-validates-as-required form-control line-height-lg\" id=\"contact-name\" aria-required=\"true\" aria-invalid=\"false\" value=\"\" type=\"text\" name=\"your-name\" \/><\/span>\n\t\t\t<\/p>\n\t\t<\/div>\n\t<\/div>\n\t<div class=\"col-lg-12\">\n\t\t<div class=\"form-group\">\n\t\t\t<p><label for=\"contact-email\" class=\"custom-font-family font-weight-medium\">Your E-mail <span class=\"text-secondary\">*<\/span><\/label><br \/>\n<span class=\"wpcf7-form-control-wrap\" data-name=\"your-email\"><input size=\"40\" class=\"wpcf7-form-control wpcf7-email wpcf7-validates-as-required wpcf7-text wpcf7-validates-as-email form-control line-height-lg\" id=\"contact-email\" aria-required=\"true\" aria-invalid=\"false\" value=\"\" type=\"email\" name=\"your-email\" \/><\/span>\n\t\t\t<\/p>\n\t\t<\/div>\n\t<\/div>\n\t<div class=\"col-lg-12\">\n\t\t<div class=\"form-group\">\n\t\t\t<p><label for=\"contact-message\" class=\"custom-font-family font-weight-medium\">Your Message<\/label><br \/>\n<span class=\"wpcf7-form-control-wrap\" data-name=\"your-message\"><textarea cols=\"40\" rows=\"7\" class=\"wpcf7-form-control wpcf7-textarea form-control\" id=\"contact-message\" aria-invalid=\"false\" name=\"your-message\"><\/textarea><\/span>\n\t\t\t<\/p>\n\t\t<\/div>\n\t<\/div>\n\t<div class=\"col-lg-12\">\n\t\t<div class=\"form-group\">\n\t\t\t<p><input class=\"wpcf7-form-control wpcf7-submit has-spinner btn btn-dark btn-lg px-5 p-t-md p-b-md\" type=\"submit\" value=\"SEND MESSAGE\" \/>\n\t\t\t<\/p>\n\t\t<\/div>\n\t<\/div>\n<\/div><div class=\"wpcf7-response-output\" aria-hidden=\"true\"><\/div>\n<\/form>\n<\/div>\n<\/div>[\/vc_column][vc_column offset=&#8220;vc_col-lg-6 vc_col-md-6&#8243; el_class=&#8220;mt-5 mt-lg-0&#8243;][vc_custom_heading text=&#8220;Oft gestellte Fragen&#8220; font_container=&#8220;tag:h2|font_size:24px|text_align:left&#8220; use_theme_fonts=&#8220;yes&#8220; el_class=&#8220;ls-negative-1 mb-2&#8243; css=&#8220;.vc_custom_1742395306968{margin-bottom: 15px !important;}&#8220;]<div class=\"porto-faqs porto-faqszhm8 wpb_content_element  custom-faq-1\">\r\n\t<div class=\"page-faqs clearfix wpb_custom_90616ef076151305d7e43b041552b6ea porto-ajax-load load-ajax\" id=\"porto_faqs_77sp\" data-post_type=\"faq\" data-ajax_load_options=\"{&quot;number&quot;:&quot;5&quot;,&quot;view_more&quot;:&quot;yes&quot;,&quot;filter&quot;:&quot;yes&quot;,&quot;pagination&quot;:&quot;yes&quot;,&quot;el_class&quot;:&quot;custom-faq-1&quot;}\">\r\n\r\n\t\t\t\t\t<ul class=\"faq-filter nav nav-pills sort-source\">\r\n\t\t\t\t<li class=\"active\" data-filter=\"*\"><a>Show All<\/a><\/li>\r\n\t\t\t\t\t\t\t\t\t<li data-filter=\"dtf-faq\"><a>DTF FAQ<\/a><\/li>\r\n\t\t\t\t\t\t\t<\/ul>\r\n\t\t\t<hr>\r\n\t\t\r\n\t\t\r\n\t\t<div class=\"faq-row faqs-container\">\r\n\t\t\t\r\n<div class=\"faq dtf-faq post-2658 type-faq status-publish hentry faq_cat-dtf-faq\">\r\n\t<section class=\"toggle\">\r\n\t\t<label>Welche Materialien eignen sich f\u00fcr den DTF-Druck?<\/label>\r\n\t\t<div class=\"toggle-content\">\r\n\t\t<h3 class=\"entry-title\" style=\"display: none;\">Welche Materialien eignen sich f\u00fcr den DTF-Druck?<\/h3><span class=\"vcard\" style=\"display: none;\"><span class=\"fn\"><a href=\"https:\/\/dtfparadies.de\/index.php\/author\/peachpuff-spider-901070-hostingersite-com\/\" title=\"Beitr\u00e4ge von dtfparadies.de\" rel=\"author\">dtfparadies.de<\/a><\/span><\/span><span class=\"updated\" style=\"display:none\">2025-03-19T15:52:21+01:00<\/span>Grunds\u00e4tzlich kann der DTF-Druck auf vielen Oberfl\u00e4chen angewendet werden \u2013 allerdings nicht immer mit optimalen Ergebnissen.  \r\n\r\nDamit die Transferfolie zuverl\u00e4ssig haftet, muss der Kleber mit den Fasern des Materials eine Verbindung eingehen k\u00f6nnen. Dies funktioniert auf weichen Stoffen deutlich besser als auf harten, glatten Oberfl\u00e4chen.  \r\n\r\n<strong>Besonders gut geeignet:<\/strong>\r\n- Baumwolle  \r\n- Polyester  \r\n- Mischgewebe aus Synthetikfasern  \r\n- Nylon  \r\n- Weitere weiche Textilien  \r\n<strong>\r\nWichtiger Hinweis:<\/strong> Bei sublimierten Polyesterstoffen kann es zu einem sogenannten Resublimations-Effekt kommen, bei dem die darunterliegende Farbe durch den Druck hindurchscheint. Um dies zu minimieren, empfiehlt es sich, die Press-Temperatur zu reduzieren. Da der exakte Schmelzpunkt des Klebers von Ger\u00e4t zu Ger\u00e4t variieren kann, sind eigene Tests mit sublimierten Polyesterartikeln dringend empfohlen.\t\t<\/div>\r\n\t<\/section>\r\n<\/div>\r\n\r\n<div class=\"faq dtf-faq post-2657 type-faq status-publish hentry faq_cat-dtf-faq\">\r\n\t<section class=\"toggle\">\r\n\t\t<label>Wie wird DTF hergestellt?<\/label>\r\n\t\t<div class=\"toggle-content\">\r\n\t\t<h3 class=\"entry-title\" style=\"display: none;\">Wie wird DTF hergestellt?<\/h3><span class=\"vcard\" style=\"display: none;\"><span class=\"fn\"><a href=\"https:\/\/dtfparadies.de\/index.php\/author\/peachpuff-spider-901070-hostingersite-com\/\" title=\"Beitr\u00e4ge von dtfparadies.de\" rel=\"author\">dtfparadies.de<\/a><\/span><\/span><span class=\"updated\" style=\"display:none\">2025-03-19T15:48:52+01:00<\/span>Zun\u00e4chst wird die Druckdatei mit spezieller Software f\u00fcr den Druck aufbereitet. Danach sendet das System die bearbeitete Datei an den Drucker, der das Motiv spiegelverkehrt auf eine beschichtete Transferfolie auftr\u00e4gt. Dabei wird zuerst die Farbschicht gedruckt, gefolgt von einer deckenden wei\u00dfen Schicht.  \r\n\r\nIm n\u00e4chsten Schritt gelangt der Druck in eine Fixiereinheit, wo er mit einem speziellen Klebepulver bestreut wird. \u00dcbersch\u00fcssiges Pulver wird automatisch entfernt, sodass es nur an der wei\u00dfen Schicht haften bleibt.  \r\n\r\nAnschlie\u00dfend durchl\u00e4uft der Druck einen Erhitzungsprozess, bei dem das Pulver schmilzt und eine haftende Oberfl\u00e4che bildet. Nach einer kurzen Abk\u00fchlphase ist der fertige Transferdruck bereit zur Anwendung \u2013 ohne zus\u00e4tzliche Trockenzeit.\t\t<\/div>\r\n\t<\/section>\r\n<\/div>\r\n\r\n<div class=\"faq dtf-faq post-2655 type-faq status-publish hentry faq_cat-dtf-faq\">\r\n\t<section class=\"toggle\">\r\n\t\t<label>Was genau ist DTF eigentlich?<\/label>\r\n\t\t<div class=\"toggle-content\">\r\n\t\t<h3 class=\"entry-title\" style=\"display: none;\">Was genau ist DTF eigentlich?<\/h3><span class=\"vcard\" style=\"display: none;\"><span class=\"fn\"><a href=\"https:\/\/dtfparadies.de\/index.php\/author\/peachpuff-spider-901070-hostingersite-com\/\" title=\"Beitr\u00e4ge von dtfparadies.de\" rel=\"author\">dtfparadies.de<\/a><\/span><\/span><span class=\"updated\" style=\"display:none\">2025-03-19T15:45:44+01:00<\/span>Der DTF-Druck (Direct to Film) ist ein innovatives Verfahren zur Veredelung von Textilien, das sich besonders durch seine hohe Detailgenauigkeit und Farbbrillanz auszeichnet. Diese Methode erm\u00f6glicht es, Designs auf eine spezielle Folie zu drucken und anschlie\u00dfend mit Hitze auf Stoffe zu \u00fcbertragen. Aufgrund ihrer Flexibilit\u00e4t und Haltbarkeit hat sich die Technik in der Textilbranche schnell als beliebte Alternative zu traditionellen Druckverfahren etabliert. Urspr\u00fcnglich in China entwickelt, hat sich der DTF-Druck innerhalb kurzer Zeit weltweit verbreitet.\t\t<\/div>\r\n\t<\/section>\r\n<\/div>\r\n\t\t<\/div>\r\n\r\n\t\t\t\t\t<input type=\"hidden\" class=\"shortcode-id\" value=\"zhm8\"\/>\r\n\t\t\t\t\t\r\n\t<\/div>\r\n\r\n\t\t\t<div class=\"push-top m-b-xxl text-center\">\r\n\t\t\t<a class=\"btn btn-primary\" href=\"https:\/\/dtfparadies.de\/index.php\/faq\/\">View More<\/a>\r\n\t\t<\/div>\r\n\t\r\n\t<\/div>[\/vc_column][\/vc_row]<\/p>\n<\/div>","protected":false},"excerpt":{"rendered":"<p>[vc_row full_width=&#8220;stretch_row_content_no_spaces&#8220;][vc_column][\/vc_column][\/vc_row][vc_row wrap_container=&#8220;yes&#8220; el_class=&#8220;m-t-md&#8220;][vc_column][\/vc_column][vc_column width=&#8220;1\/2&#8243; offset=&#8220;vc_col-lg-3 vc_col-md-3 vc_col-xs-12&#8243;][\/vc_column][vc_column width=&#8220;1\/2&#8243; offset=&#8220;vc_col-lg-3 vc_col-md-3 vc_col-xs-12&#8243;][\/vc_column][vc_column width=&#8220;1\/2&#8243; offset=&#8220;vc_col-lg-3 vc_col-md-3 vc_col-xs-12&#8243;][\/vc_column][vc_column width=&#8220;1\/2&#8243; offset=&#8220;vc_col-lg-3 vc_col-md-3 vc_col-xs-12&#8243;][\/vc_column][vc_column][vc_separator color=&#8220;custom&#8220; accent_color=&#8220;#e7e7e7&#8243; el_class=&#8220;my-5 pb-3&#8243;][\/vc_column][\/vc_row][vc_row wrap_container=&#8220;yes&#8220; el_class=&#8220;m-b-xxl p-b-sm&#8220;][vc_column offset=&#8220;vc_col-lg-6 vc_col-md-6&#8243;][vc_custom_heading text=&#8220;Schreiben Sie uns eine Nachricht&#8220; font_container=&#8220;tag:h2|font_size:24px|text_align:left&#8220; use_theme_fonts=&#8220;yes&#8220; el_class=&#8220;ls-negative-1&#8243; css=&#8220;.vc_custom_1742395254916{margin-bottom: 23px !important;}&#8220;][\/vc_column][vc_column offset=&#8220;vc_col-lg-6 vc_col-md-6&#8243; el_class=&#8220;mt-5 mt-lg-0&#8243;][vc_custom_heading text=&#8220;Oft gestellte Fragen&#8220; font_container=&#8220;tag:h2|font_size:24px|text_align:left&#8220; use_theme_fonts=&#8220;yes&#8220; el_class=&#8220;ls-negative-1 mb-2&#8243; css=&#8220;.vc_custom_1742395306968{margin-bottom: 15px !important;}&#8220;][\/vc_column][\/vc_row]<\/p>\n","protected":false},"author":1,"featured_media":0,"parent":0,"menu_order":0,"comment_status":"closed","ping_status":"closed","template":"","meta":{"footnotes":""},"aioseo_notices":[],"_links":{"self":[{"href":"https:\/\/dtfparadies.de\/index.php\/wp-json\/wp\/v2\/pages\/73"}],"collection":[{"href":"https:\/\/dtfparadies.de\/index.php\/wp-json\/wp\/v2\/pages"}],"about":[{"href":"https:\/\/dtfparadies.de\/index.php\/wp-json\/wp\/v2\/types\/page"}],"author":[{"embeddable":true,"href":"https:\/\/dtfparadies.de\/index.php\/wp-json\/wp\/v2\/users\/1"}],"replies":[{"embeddable":true,"href":"https:\/\/dtfparadies.de\/index.php\/wp-json\/wp\/v2\/comments?post=73"}],"version-history":[{"count":4,"href":"https:\/\/dtfparadies.de\/index.php\/wp-json\/wp\/v2\/pages\/73\/revisions"}],"predecessor-version":[{"id":2656,"href":"https:\/\/dtfparadies.de\/index.php\/wp-json\/wp\/v2\/pages\/73\/revisions\/2656"}],"wp:attachment":[{"href":"https:\/\/dtfparadies.de\/index.php\/wp-json\/wp\/v2\/media?parent=73"}],"curies":[{"name":"wp","href":"https:\/\/api.w.org\/{rel}","templated":true}]}}