{"id":2601,"date":"2024-03-23T13:00:29","date_gmt":"2024-03-23T12:00:29","guid":{"rendered":"https:\/\/dtfparadies.de\/?page_id=2601"},"modified":"2025-03-19T16:31:41","modified_gmt":"2025-03-19T15:31:41","slug":"sublimationstransfer","status":"publish","type":"page","link":"https:\/\/dtfparadies.de\/index.php\/sublimationstransfer\/","title":{"rendered":"Sublimationstransfer"},"content":{"rendered":"<div class=\"wpb-content-wrapper\"><p>[vc_row][vc_column width=&#8220;1\/3&#8243; conditional_render=&#8220;%5B%7B%22value_role%22%3A%22administrator%22%7D%5D&#8220;][vc_single_image image=&#8220;2662&#8243; img_size=&#8220;full&#8220; label=&#8220;&#8220;][\/vc_column][vc_column width=&#8220;2\/3&#8243; conditional_render=&#8220;%5B%7B%22value_role%22%3A%22administrator%22%7D%5D&#8220;][vc_custom_heading text=&#8220;G\u00fcnstige Sublimation-Transfers&#8220; use_theme_fonts=&#8220;yes&#8220;][vc_column_text]Bestelle unsere Sublimation-Transfers in folgenden Ma\u00dfen: <strong>Tassenpapier 100x240mm, DIN A4 &amp; DIN A3<\/strong><\/p>\n<p>Zuschneiden, pressen &#8211; fertig! Beginne jetzt mit deiner Textilveredelung. Ganz unkompliziert &amp; g\u00fcnstig.[\/vc_column_text][vc_custom_heading text=&#8220;Produktionszeit Sublimation-Transfers&#8220; use_theme_fonts=&#8220;yes&#8220;][vc_column_text]Wir produzieren Ihre Sublimations-Transfers innerhalb 48-72h.[\/vc_column_text][\/vc_column][\/vc_row][vc_row][vc_column][vc_separator color=&#8220;green&#8220; border_width=&#8220;2&#8243;][\/vc_column][\/vc_row][vc_row][vc_column width=&#8220;1\/3&#8243;][vc_single_image image=&#8220;2662&#8243; img_size=&#8220;medium&#8220; label=&#8220;&#8220;][vc_custom_heading text=&#8220;Sublimationstransfer DIN A4<br \/>\n210x297mm&#8220; font_container=&#8220;tag:h4|text_align:left&#8220; use_theme_fonts=&#8220;yes&#8220;][vc_column_text]<\/p>\n<ul>\n<li>Wir produzieren ab 1 St\u00fcck<\/li>\n<li>Versandfertig innerhalb 2 Werktagen<\/li>\n<li>DIN A4 210x297mm<\/li>\n<\/ul>\n<p>[\/vc_column_text][vc_btn title=&#8220;Produkt anzeigen&#8220; style=&#8220;flat&#8220; color=&#8220;green&#8220; align=&#8220;center&#8220; button_block=&#8220;true&#8220; link=&#8220;url:https%3A%2F%2Fdtfparadies.de%2Findex.php%2Fproduct%2Fsublimation-transfer-din-a4-210-x-297-mm%2F|title:Sublimation%20Transfer%20%E2%80%93%20DIN%20A4%20(210%20x%20297%20mm)&#8220;][\/vc_column][vc_column width=&#8220;1\/3&#8243;][vc_single_image image=&#8220;2662&#8243; img_size=&#8220;medium&#8220; label=&#8220;&#8220;][vc_custom_heading text=&#8220;Sublimationstransfer DIN A3<br \/>\n210x297mm&#8220; font_container=&#8220;tag:h4|text_align:left&#8220; use_theme_fonts=&#8220;yes&#8220;][vc_column_text]<\/p>\n<ul>\n<li>Wir produzieren ab 1 St\u00fcck<\/li>\n<li>Versandfertig innerhalb 2 Werktagen<\/li>\n<li>DIN A3 297x420mm<\/li>\n<\/ul>\n<p>[\/vc_column_text][vc_btn title=&#8220;Produkt anzeigen&#8220; style=&#8220;flat&#8220; color=&#8220;green&#8220; align=&#8220;center&#8220; button_block=&#8220;true&#8220; link=&#8220;url:https%3A%2F%2Fdtfparadies.de%2Findex.php%2Fproduct%2Fsublimation-transfer-din-a3-297-x-420-mm%2F|title:Sublimation%20Transfer%20%E2%80%93%20DIN%20A3%20(297%20x%20420%20mm)&#8220;][\/vc_column][vc_column width=&#8220;1\/3&#8243;][vc_single_image image=&#8220;2662&#8243; img_size=&#8220;medium&#8220; label=&#8220;&#8220;][vc_custom_heading text=&#8220;Sublimationstransfer Tasse 100x240mm&#8220; font_container=&#8220;tag:h4|text_align:left&#8220; use_theme_fonts=&#8220;yes&#8220;][vc_column_text]<\/p>\n<ul>\n<li>Wir produzieren ab 1 St\u00fcck<\/li>\n<li>Versandfertig innerhalb 2 Werktagen<\/li>\n<li>Tassenpapier 100x240mm<\/li>\n<\/ul>\n<p>[\/vc_column_text][vc_btn title=&#8220;Produkt anzeigen&#8220; style=&#8220;flat&#8220; color=&#8220;green&#8220; align=&#8220;center&#8220; button_block=&#8220;true&#8220; link=&#8220;url:https%3A%2F%2Fdtfparadies.de%2Findex.php%2Fproduct%2Fsublimation-transfer-tasse-100-x-240-mm%2F|title:Sublimation%20Transfer%20%E2%80%93%20Tasse%20100%20x%20240%20mm&#8220;][\/vc_column][\/vc_row][vc_row][vc_column][vc_separator color=&#8220;green&#8220; border_width=&#8220;2&#8243;][\/vc_column][\/vc_row][vc_row][vc_column][vc_column_text]Suchen Sie nach hochwertigen Sublimations-Transfers in verschiedenen Gr\u00f6\u00dfen? Dann sind Sie bei uns genau richtig! Wir bieten Sublimations-Transfers in Tassengr\u00f6\u00dfe (240x100mm), DIN A4 und DIN A3 an, die Ihren Anforderungen perfekt entsprechen.<\/p>\n<p>Unsere Sublimations-Transfers zeichnen sich durch ihre au\u00dfergew\u00f6hnliche Qualit\u00e4t und Vielseitigkeit aus. Mit modernster Drucktechnologie stellen wir sicher, dass jedes Detail Ihrer Designs gestochen scharf und lebendig wiedergegeben wird.<\/p>\n<p>Warum sollten Sie sich f\u00fcr Sublimations-Transfers von [Dein Firmenname] entscheiden?<\/p>\n<p>Hervorragende Druckqualit\u00e4t: Unsere Sublimations-Transfers bieten eine herausragende Druckqualit\u00e4t, die Ihre Designs zum Leben erweckt und f\u00fcr einen bleibenden Eindruck sorgt.<\/p>\n<p>Vielseitige Gr\u00f6\u00dfen: Egal, ob Sie kleine oder gro\u00dfe Projekte planen, unsere Sublimations-Transfers sind in verschiedenen Gr\u00f6\u00dfen erh\u00e4ltlich, darunter Tassengr\u00f6\u00dfe (240x100mm), DIN A4 und DIN A3.<\/p>\n<p>Langlebigkeit: Unsere Sublimations-Transfers sind robust und langlebig, sodass Ihre Designs auch nach vielen Waschg\u00e4ngen und intensiver Nutzung immer noch gro\u00dfartig aussehen.<\/p>\n<p>Schnelle Lieferung: Wir wissen, wie wichtig Zeit ist. Daher bieten wir eine schnelle Lieferung Ihrer Bestellungen, damit Sie Ihre Projekte termingerecht abschlie\u00dfen k\u00f6nnen.<\/p>\n<p>Kundenzufriedenheit: Ihre Zufriedenheit steht bei uns an erster Stelle. Unser engagiertes Team steht Ihnen bei Fragen oder Anliegen zur Seite, um sicherzustellen, dass Sie mit unseren Produkten rundum zufrieden sind.<\/p>\n<p>Entdecken Sie noch heute die Vielfalt und Qualit\u00e4t unserer Sublimations-Transfers und verwandeln Sie Ihre Ideen in beeindruckende Ergebnisse! Kontaktieren Sie uns f\u00fcr weitere Informationen oder um Ihre Bestellung aufzugeben.<\/p>\n<p>[Dein Firmenname] \u2013 Ihre Quelle f\u00fcr professionelle Sublimations-Transfers in h\u00f6chster Qualit\u00e4t![\/vc_column_text][\/vc_column][\/vc_row]<\/p>\n<\/div>","protected":false},"excerpt":{"rendered":"<p>[vc_row][vc_column width=&#8220;1\/3&#8243; conditional_render=&#8220;%5B%7B%22value_role%22%3A%22administrator%22%7D%5D&#8220;][vc_single_image image=&#8220;2662&#8243; img_size=&#8220;full&#8220; label=&#8220;&#8220;][\/vc_column][vc_column width=&#8220;2\/3&#8243; conditional_render=&#8220;%5B%7B%22value_role%22%3A%22administrator%22%7D%5D&#8220;][vc_custom_heading text=&#8220;G\u00fcnstige Sublimation-Transfers&#8220; use_theme_fonts=&#8220;yes&#8220;][vc_column_text]Bestelle unsere Sublimation-Transfers in folgenden Ma\u00dfen: Tassenpapier 100x240mm, DIN A4 &amp; DIN A3 Zuschneiden, pressen &#8211; fertig! Beginne jetzt mit deiner Textilveredelung. Ganz unkompliziert &amp; g\u00fcnstig.[\/vc_column_text][vc_custom_heading text=&#8220;Produktionszeit Sublimation-Transfers&#8220; use_theme_fonts=&#8220;yes&#8220;][vc_column_text]Wir produzieren Ihre Sublimations-Transfers innerhalb 48-72h.[\/vc_column_text][\/vc_column][\/vc_row][vc_row][vc_column][vc_separator color=&#8220;green&#8220; border_width=&#8220;2&#8243;][\/vc_column][\/vc_row][vc_row][vc_column width=&#8220;1\/3&#8243;][vc_single_image image=&#8220;2662&#8243; img_size=&#8220;medium&#8220; label=&#8220;&#8220;][vc_custom_heading text=&#8220;Sublimationstransfer DIN A4 210x297mm&#8220; font_container=&#8220;tag:h4|text_align:left&#8220; [&hellip;]<\/p>\n","protected":false},"author":1,"featured_media":0,"parent":0,"menu_order":0,"comment_status":"closed","ping_status":"closed","template":"","meta":{"footnotes":""},"aioseo_notices":[],"_links":{"self":[{"href":"https:\/\/dtfparadies.de\/index.php\/wp-json\/wp\/v2\/pages\/2601"}],"collection":[{"href":"https:\/\/dtfparadies.de\/index.php\/wp-json\/wp\/v2\/pages"}],"about":[{"href":"https:\/\/dtfparadies.de\/index.php\/wp-json\/wp\/v2\/types\/page"}],"author":[{"embeddable":true,"href":"https:\/\/dtfparadies.de\/index.php\/wp-json\/wp\/v2\/users\/1"}],"replies":[{"embeddable":true,"href":"https:\/\/dtfparadies.de\/index.php\/wp-json\/wp\/v2\/comments?post=2601"}],"version-history":[{"count":6,"href":"https:\/\/dtfparadies.de\/index.php\/wp-json\/wp\/v2\/pages\/2601\/revisions"}],"predecessor-version":[{"id":2665,"href":"https:\/\/dtfparadies.de\/index.php\/wp-json\/wp\/v2\/pages\/2601\/revisions\/2665"}],"wp:attachment":[{"href":"https:\/\/dtfparadies.de\/index.php\/wp-json\/wp\/v2\/media?parent=2601"}],"curies":[{"name":"wp","href":"https:\/\/api.w.org\/{rel}","templated":true}]}}