{"id":143,"date":"2016-06-20T07:48:11","date_gmt":"2016-06-20T07:48:11","guid":{"rendered":"http:\/\/sw-themes.com\/porto_dummy\/?page_id=143"},"modified":"2025-03-19T16:17:30","modified_gmt":"2025-03-19T15:17:30","slug":"home","status":"publish","type":"page","link":"https:\/\/dtfparadies.de\/","title":{"rendered":"Home"},"content":{"rendered":"<div class=\"wpb-content-wrapper\"><p>[vc_row no_padding=&#8220;yes&#8220; is_section=&#8220;yes&#8220; remove_margin_top=&#8220;yes&#8220; remove_margin_bottom=&#8220;yes&#8220; remove_padding_top=&#8220;yes&#8220; remove_padding_bottom=&#8220;yes&#8220; remove_border=&#8220;yes&#8220; el_class=&#8220;home-banner-slider&#8220;][vc_column]<div class=\"porto-carousel owl-carousel mb-0 porto-standable-carousel wpb_custom_683d7e68080059f1fb03f7280196f2d3 nav-pos-inside nav-style-4 show-nav-hover\" data-plugin-options=\"{&quot;themeConfig&quot;:true,&quot;stagePadding&quot;:0,&quot;margin&quot;:0,&quot;autoplay&quot;:false,&quot;mouseDrag&quot;:true,&quot;touchDrag&quot;:true,&quot;autoplayTimeout&quot;:5000,&quot;autoplayHoverPause&quot;:false,&quot;items&quot;:1,&quot;xl&quot;:1,&quot;lg&quot;:1,&quot;md&quot;:1,&quot;sm&quot;:1,&quot;xs&quot;:1,&quot;nav&quot;:&quot;yes&quot;,&quot;dots&quot;:false,&quot;animateIn&quot;:&quot;&quot;,&quot;animateOut&quot;:&quot;&quot;,&quot;loop&quot;:false,&quot;center&quot;:false,&quot;video&quot;:false,&quot;lazyLoad&quot;:false,&quot;fullscreen&quot;:false}\"><div id=\"interactive-banner-wrap-nr8z\" class=\"porto-ibanner mb-0\" style=\"min-height:500px;\"><img loading=\"lazy\" decoding=\"async\" alt=\"G\u00fcnstige DTF Drucke, Plastisoltransfers, Luxemburg, Sublimation, Deutschland\" width=\"1800\" height=\"600\" class=\"porto-ibanner-img\" src=\"https:\/\/dtfparadies.de\/wp-content\/uploads\/2025\/03\/dtfhome.jpg\" srcset=\"https:\/\/dtfparadies.de\/wp-content\/uploads\/2025\/03\/dtfhome.jpg 1800w, https:\/\/dtfparadies.de\/wp-content\/uploads\/2025\/03\/dtfhome-1536x512.jpg 1536w\" sizes=\"(max-width: 1800px) 100vw, 1800px\"><div class=\"porto-ibanner-desc no-padding d-flex\"><div class=\"container\"><div class=\"porto-ibanner-container\"><div class=\"porto-ibanner-layer vc_custom_1730219774882 wpb_custom_2c5109c031829f9c54153ed0e6239ff6 banner-pos-88ee8c21b0a52a3ac092c535e6ee3f55\">[vc_custom_heading text=&#8220;DTF TRANSFER&#8220; font_container=&#8220;tag:h3|font_size:1.5em|text_align:left|color:rgba(34%2C37%2C41%2C0.7)|line_height:1&#8243; use_theme_fonts=&#8220;yes&#8220; font_weight=&#8220;500&#8243; letter_spacing=&#8220;1.52px&#8220; el_class=&#8220;mb-3&#8243;][vc_custom_heading text=&#8220;jetzt schnell und einfach selbst veredeln&#8220; font_container=&#8220;tag:h6|font_size:1.0em|text_align:left|line_height:1&#8243; use_theme_fonts=&#8220;yes&#8220; text_transform=&#8220;text-uppercase&#8220; font_weight=&#8220;500&#8243; letter_spacing=&#8220;3.6px&#8220; el_class=&#8220;mb-2 custom-font1&#8243;][vc_row_inner][vc_column_inner][vc_btn title=&#8220;Jetzt einkaufen&#8220; style=&#8220;modern&#8220; size=&#8220;lg&#8220; skin=&#8220;dark&#8220; btn_fs=&#8220;0.9375rem&#8220; btn_fw=&#8220;700&#8243; el_class=&#8220;mb-0&#8243; btn_px=&#8220;3em&#8220; btn_py=&#8220;1.1em&#8220; link=&#8220;url:https%3A%2F%2Fdtfparadies.de%2Findex.php%2Fproduct%2Fdtf-transfer-meterware-560-x-1000-mm%2F|title:DTF-Transfer%20%E2%80%93%20METERWARE%20560x1000mm&#8220;][\/vc_column_inner][\/vc_row_inner]<style>.banner-pos-88ee8c21b0a52a3ac092c535e6ee3f55 {right:6%;left: unset;top: 50%;bottom: unset;transform: translateY(-50%);}<\/style><\/div><\/div><\/div><\/div><\/div><\/div>[\/vc_column][\/vc_row][vc_row wrap_container=&#8220;yes&#8220; conditional_render=&#8220;%5B%7B%22value_role%22%3A%22administrator%22%7D%5D&#8220; css=&#8220;.vc_custom_1665507782982{border-top-width: 1px !important;padding-top: 35px !important;padding-bottom: 35px !important;background-color: #f4f4f4 !important;border-top-color: #e7e7e7 !important;border-top-style: solid !important;}&#8220;][vc_column]<div class=\"porto-carousel owl-carousel has-ccols ccols-xl-3 ccols-lg-3 ccols-md-3 ccols-sm-2 ccols-1 mb-0 wpb_custom_c86c2fb53cae9eced42d4b8900a042f3\" data-plugin-options=\"{&quot;themeConfig&quot;:true,&quot;stagePadding&quot;:0,&quot;margin&quot;:0,&quot;autoplay&quot;:false,&quot;mouseDrag&quot;:true,&quot;touchDrag&quot;:true,&quot;autoplayTimeout&quot;:5000,&quot;autoplayHoverPause&quot;:false,&quot;items&quot;:3,&quot;xl&quot;:3,&quot;lg&quot;:3,&quot;md&quot;:3,&quot;sm&quot;:2,&quot;xs&quot;:1,&quot;nav&quot;:false,&quot;dots&quot;:false,&quot;animateIn&quot;:&quot;&quot;,&quot;animateOut&quot;:&quot;&quot;,&quot;loop&quot;:false,&quot;center&quot;:false,&quot;video&quot;:false,&quot;lazyLoad&quot;:false,&quot;fullscreen&quot;:false}\"><div class=\"porto-sicon-box  vc_custom_1711191871977 mb-0 justify-content-center  wpb_custom_1efe903570d178ff0a9b7bfa5febd3a4 style_1 default-icon\"><div class=\"porto-sicon-default\"><div class=\"porto-just-icon-wrapper porto-icon none\" style=\"color:#222529;font-size:40px;\"><i class=\"porto-icon-shipping\"><\/i><\/div><\/div><div class=\"porto-sicon-header\"><h3 class=\"porto-sicon-title\" style=\"font-weight:700;font-size:14px;line-height:1;\">VERSAND<\/h3><p style=\"font-weight:300;font-size:13px;line-height:1.2;\">8,00 Euro innerhalb Deutschlands<\/p><\/div> <!-- header --><\/div><!-- porto-sicon-box --><div class=\"porto-sicon-box  vc_custom_1711191950999 mb-0 justify-content-center  wpb_custom_1efe903570d178ff0a9b7bfa5febd3a4 style_1 default-icon\"><div class=\"porto-sicon-default\"><div class=\"porto-just-icon-wrapper porto-icon none\" style=\"color:#222529;font-size:40px;\"><i class=\"porto-icon-money\"><\/i><\/div><\/div><div class=\"porto-sicon-header\"><h3 class=\"porto-sicon-title\" style=\"font-weight:700;font-size:14px;line-height:1;\">ZUFRIEDENHEITSGARANTIE<\/h3><p style=\"font-weight:300;font-size:13px;line-height:1.2;\">wir versprechen dir 100% Zufriedenheit<\/p><\/div> <!-- header --><\/div><!-- porto-sicon-box --><div class=\"porto-sicon-box  vc_custom_1711191975339 mb-0 justify-content-center  wpb_custom_1efe903570d178ff0a9b7bfa5febd3a4 style_1 default-icon\"><div class=\"porto-sicon-default\"><div class=\"porto-just-icon-wrapper porto-icon none\" style=\"color:#222529;font-size:40px;\"><i class=\"porto-icon-support\"><\/i><\/div><\/div><div class=\"porto-sicon-header\"><h3 class=\"porto-sicon-title\" style=\"font-weight:700;font-size:14px;line-height:1;\">E-MAIL SUPPORT 24\/7<\/h3><p style=\"font-weight:300;font-size:13px;line-height:1.2;\">schnelle Hilfestellung<\/p><\/div> <!-- header --><\/div><!-- porto-sicon-box --><\/div>[\/vc_column][\/vc_row][vc_row wrap_container=&#8220;yes&#8220; conditional_render=&#8220;%5B%7B%22value_role%22%3A%22administrator%22%7D%5D&#8220; css=&#8220;.vc_custom_1665507782982{border-top-width: 1px !important;padding-top: 35px !important;padding-bottom: 35px !important;background-color: #f4f4f4 !important;border-top-color: #e7e7e7 !important;border-top-style: solid !important;}&#8220;][vc_column][vc_column_text]<strong>Willkommen im DTFParadies!<\/strong><\/p>\n<p>Entdecken Sie eine Vielzahl an hochwertigen, g\u00fcnstigen DTF-Transfers und Plastisoltransfers in den Formaten DIN A4 und DIN A3. Unsere Produkte sind ideal f\u00fcr kreative Projekte und individuelle Gestaltungen.<\/p>\n<p>Zus\u00e4tzlich bieten wir Sublimationspapier in den Formaten DIN A4 und DIN A3 sowie Tassenpapier an. Unsere normalen DTF-Transfers sind in praktischer Meterware (56&#215;100 cm) erh\u00e4ltlich.<\/p>\n<p>Auf Wunsch verarbeiten wir auch die Textilien unserer Kunden sofort, sobald Sie uns diese zuschicken. Alternativ k\u00f6nnen Sie Textilien auch direkt \u00fcber uns bestellen \u2013 wir k\u00fcmmern uns um die vollst\u00e4ndige Verarbeitung und k\u00f6nnen die Artikel umgehend im neutralen Versand an Ihren Kunden senden.<\/p>\n<p>F\u00fcr weitere Informationen oder Bestellungen senden Sie einfach eine E-Mail an <a rel=\"noopener\">info@dtfparadies.de<\/a>.<\/p>\n<p>Durchst\u00f6bern Sie unser Angebot und finden Sie die perfekten Materialien f\u00fcr Ihre Druckvorhaben. Bei uns stehen Qualit\u00e4t und Kundenzufriedenheit an erster Stelle![\/vc_column_text][\/vc_column][\/vc_row]<\/p>\n<\/div>","protected":false},"excerpt":{"rendered":"<p>[vc_row no_padding=&#8220;yes&#8220; is_section=&#8220;yes&#8220; remove_margin_top=&#8220;yes&#8220; remove_margin_bottom=&#8220;yes&#8220; remove_padding_top=&#8220;yes&#8220; remove_padding_bottom=&#8220;yes&#8220; remove_border=&#8220;yes&#8220; el_class=&#8220;home-banner-slider&#8220;][vc_column][\/vc_column][\/vc_row][vc_row wrap_container=&#8220;yes&#8220; conditional_render=&#8220;%5B%7B%22value_role%22%3A%22administrator%22%7D%5D&#8220; css=&#8220;.vc_custom_1665507782982{border-top-width: 1px !important;padding-top: 35px !important;padding-bottom: 35px !important;background-color: #f4f4f4 !important;border-top-color: #e7e7e7 !important;border-top-style: solid !important;}&#8220;][vc_column][\/vc_column][\/vc_row][vc_row wrap_container=&#8220;yes&#8220; conditional_render=&#8220;%5B%7B%22value_role%22%3A%22administrator%22%7D%5D&#8220; css=&#8220;.vc_custom_1665507782982{border-top-width: 1px !important;padding-top: 35px !important;padding-bottom: 35px !important;background-color: #f4f4f4 !important;border-top-color: #e7e7e7 !important;border-top-style: solid !important;}&#8220;][vc_column][vc_column_text]Willkommen im DTFParadies! Entdecken Sie eine Vielzahl an hochwertigen, g\u00fcnstigen DTF-Transfers und Plastisoltransfers in den Formaten DIN [&hellip;]<\/p>\n","protected":false},"author":1,"featured_media":0,"parent":0,"menu_order":0,"comment_status":"closed","ping_status":"closed","template":"","meta":{"footnotes":""},"aioseo_notices":[],"_links":{"self":[{"href":"https:\/\/dtfparadies.de\/index.php\/wp-json\/wp\/v2\/pages\/143"}],"collection":[{"href":"https:\/\/dtfparadies.de\/index.php\/wp-json\/wp\/v2\/pages"}],"about":[{"href":"https:\/\/dtfparadies.de\/index.php\/wp-json\/wp\/v2\/types\/page"}],"author":[{"embeddable":true,"href":"https:\/\/dtfparadies.de\/index.php\/wp-json\/wp\/v2\/users\/1"}],"replies":[{"embeddable":true,"href":"https:\/\/dtfparadies.de\/index.php\/wp-json\/wp\/v2\/comments?post=143"}],"version-history":[{"count":36,"href":"https:\/\/dtfparadies.de\/index.php\/wp-json\/wp\/v2\/pages\/143\/revisions"}],"predecessor-version":[{"id":2660,"href":"https:\/\/dtfparadies.de\/index.php\/wp-json\/wp\/v2\/pages\/143\/revisions\/2660"}],"wp:attachment":[{"href":"https:\/\/dtfparadies.de\/index.php\/wp-json\/wp\/v2\/media?parent=143"}],"curies":[{"name":"wp","href":"https:\/\/api.w.org\/{rel}","templated":true}]}}